{"id":4788,"date":"2021-07-23T08:11:51","date_gmt":"2021-07-23T08:11:51","guid":{"rendered":"https:\/\/notuswood.com\/about-us\/"},"modified":"2022-01-28T07:40:15","modified_gmt":"2022-01-28T07:40:15","slug":"o-nas","status":"publish","type":"page","link":"https:\/\/notuswood.com\/pl\/o-nas\/","title":{"rendered":"O nas"},"content":{"rendered":"<section class=\"l-section wpb_row height_custom\"><div class=\"l-section-h i-cf\"><div class=\"g-cols vc_row via_flex valign_top type_default stacking_default\"><div class=\"vc_col-sm-12 wpb_column vc_column_container\"><div class=\"vc_column-inner\"><div class=\"wpb_wrapper\"><div class=\"g-cols wpb_row via_flex valign_top type_default stacking_default\"><div class=\"vc_col-sm-12 wpb_column vc_column_container\"><div class=\"vc_column-inner\"><div class=\"wpb_wrapper\"><div class=\"w-separator size_small\"><\/div><div class=\"wpb_text_column\"><div class=\"wpb_wrapper\"><h2>Jeste\u015bmy ambitn\u0105 firm\u0105 produkcyjn\u0105<\/h2>\n<\/div><\/div><div class=\"w-separator size_medium\"><\/div><\/div><\/div><\/div><\/div><div class=\"g-cols wpb_row via_flex valign_top type_default stacking_default\"><div class=\"vc_col-sm-6 wpb_column vc_column_container\"><div class=\"vc_column-inner\"><div class=\"wpb_wrapper\"><div class=\"wpb_text_column\"><div class=\"wpb_wrapper\"><p><strong>Notus Wood<\/strong> dzia\u0142a od 1999 roku jest producentem naturalnych parkiet\u00f3w premium. Produkujemy jednolamelowe, tr\u00f3jwarstwowe d\u0119bowe deski parkietowe. Jako\u015b\u0107 zapewniona jest przez starann\u0105 selekcj\u0119 drewna. Stosujemy precyzyjne technologie przygotowania deski parkietowej: formowanie kraw\u0119dzi, szczotkowanie drewna, pokrywanie wybranym odcieniem oleju. U\u017cywamy kleju Kiilto (Finlandia) i oleju Osmo (Niemcy).<\/p>\n<\/div><\/div><\/div><\/div><\/div><div class=\"vc_col-sm-6 wpb_column vc_column_container\"><div class=\"vc_column-inner\"><div class=\"wpb_wrapper\"><div class=\"wpb_text_column\"><div class=\"wpb_wrapper\"><p>Inwestujemy w zaawansowany sprz\u0119t i nowoczesne technologie. Wszystkie procesy s\u0105 pod \u015bcis\u0142ym nadzorem przez wykwalifikowanych specjalist\u00f3w, co gwarantuje zachowanie najwy\u017cszych standard\u00f3w jako\u015bci. <strong>Notus Wood<\/strong> swoimi produktami zaspakaja potrzeby najbardziej wymagaj\u0105cych klient\u00f3w, gwarantuj\u0105c przy tym najwy\u017csz\u0105 jako\u015b\u0107 i trwa\u0142o\u015b\u0107 produktu.<\/p>\n<\/div><\/div><\/div><\/div><\/div><\/div><\/div><\/div><\/div><\/div><\/div><\/section>\n","protected":false},"excerpt":{"rendered":"Jeste\u015bmy ambitn\u0105 firm\u0105 produkcyjn\u0105 Notus Wood dzia\u0142a od 1999 roku jest producentem naturalnych parkiet\u00f3w premium. Produkujemy jednolamelowe, tr\u00f3jwarstwowe d\u0119bowe deski parkietowe. Jako\u015b\u0107 zapewniona jest przez starann\u0105 selekcj\u0119 drewna. Stosujemy precyzyjne technologie przygotowania deski parkietowej: formowanie kraw\u0119dzi, szczotkowanie drewna, pokrywanie wybranym odcieniem oleju. U\u017cywamy kleju Kiilto (Finlandia) i oleju Osmo (Niemcy). Inwestujemy w zaawansowany sprz\u0119t i...","protected":false},"author":1,"featured_media":0,"parent":0,"menu_order":0,"comment_status":"closed","ping_status":"closed","template":"","meta":{"_acf_changed":false,"footnotes":""},"class_list":["post-4788","page","type-page","status-publish","hentry"],"acf":[],"_links":{"self":[{"href":"https:\/\/notuswood.com\/pl\/wp-json\/wp\/v2\/pages\/4788","targetHints":{"allow":["GET"]}}],"collection":[{"href":"https:\/\/notuswood.com\/pl\/wp-json\/wp\/v2\/pages"}],"about":[{"href":"https:\/\/notuswood.com\/pl\/wp-json\/wp\/v2\/types\/page"}],"author":[{"embeddable":true,"href":"https:\/\/notuswood.com\/pl\/wp-json\/wp\/v2\/users\/1"}],"replies":[{"embeddable":true,"href":"https:\/\/notuswood.com\/pl\/wp-json\/wp\/v2\/comments?post=4788"}],"version-history":[{"count":6,"href":"https:\/\/notuswood.com\/pl\/wp-json\/wp\/v2\/pages\/4788\/revisions"}],"predecessor-version":[{"id":5596,"href":"https:\/\/notuswood.com\/pl\/wp-json\/wp\/v2\/pages\/4788\/revisions\/5596"}],"wp:attachment":[{"href":"https:\/\/notuswood.com\/pl\/wp-json\/wp\/v2\/media?parent=4788"}],"curies":[{"name":"wp","href":"https:\/\/api.w.org\/{rel}","templated":true}]}}