{"id":4885,"date":"2021-06-07T10:56:36","date_gmt":"2021-06-07T10:56:36","guid":{"rendered":"https:\/\/notuswood.com\/product\/irish\/"},"modified":"2021-09-02T12:03:46","modified_gmt":"2021-09-02T12:03:46","slug":"irish","status":"publish","type":"product","link":"https:\/\/notuswood.com\/lt\/produktas\/irish\/","title":{"rendered":"Irish"},"content":{"rendered":"<p>Vienos juostos, trisluoksn\u0117s tradicin\u0117s parketlent\u0117s. Vir\u0161utinis \u0105\u017euolo sluoksnis, padengtas alyva. <\/p>\n","protected":false},"excerpt":{"rendered":"<p>Aliquam id placerat tellus. Aliquam ut magna at odio euismod accumsan. Nulla vitae pulvinar leo. Maecenas vestibulum maximus nunc et congue. In sed urna aliquet, rutrum velit ut, vestibulum massa. Curabitur finibus faucibus turpis, eget pretium ex ornare nec.<\/p>\n","protected":false},"featured_media":4626,"comment_status":"open","ping_status":"closed","template":"","meta":{"_acf_changed":false},"product_brand":[],"product_cat":[126,127,125],"product_tag":[],"class_list":{"0":"post-4885","1":"product","2":"type-product","3":"status-publish","4":"has-post-thumbnail","6":"product_cat-angliska-eglute","7":"product_cat-tradicine-parketlente","8":"product_cat-tradicines-parketlentes","10":"first","11":"instock","12":"featured","13":"shipping-taxable","14":"product-type-simple"},"acf":[],"_links":{"self":[{"href":"https:\/\/notuswood.com\/lt\/wp-json\/wp\/v2\/product\/4885","targetHints":{"allow":["GET"]}}],"collection":[{"href":"https:\/\/notuswood.com\/lt\/wp-json\/wp\/v2\/product"}],"about":[{"href":"https:\/\/notuswood.com\/lt\/wp-json\/wp\/v2\/types\/product"}],"replies":[{"embeddable":true,"href":"https:\/\/notuswood.com\/lt\/wp-json\/wp\/v2\/comments?post=4885"}],"wp:featuredmedia":[{"embeddable":true,"href":"https:\/\/notuswood.com\/lt\/wp-json\/wp\/v2\/media\/4626"}],"wp:attachment":[{"href":"https:\/\/notuswood.com\/lt\/wp-json\/wp\/v2\/media?parent=4885"}],"wp:term":[{"taxonomy":"product_brand","embeddable":true,"href":"https:\/\/notuswood.com\/lt\/wp-json\/wp\/v2\/product_brand?post=4885"},{"taxonomy":"product_cat","embeddable":true,"href":"https:\/\/notuswood.com\/lt\/wp-json\/wp\/v2\/product_cat?post=4885"},{"taxonomy":"product_tag","embeddable":true,"href":"https:\/\/notuswood.com\/lt\/wp-json\/wp\/v2\/product_tag?post=4885"}],"curies":[{"name":"wp","href":"https:\/\/api.w.org\/{rel}","templated":true}]}}