{"id":4873,"date":"2021-06-09T13:58:55","date_gmt":"2021-06-09T13:58:55","guid":{"rendered":"https:\/\/notuswood.com\/product\/premium\/"},"modified":"2021-09-03T07:13:00","modified_gmt":"2021-09-03T07:13:00","slug":"premium","status":"publish","type":"product","link":"https:\/\/notuswood.com\/lt\/produktas\/premium\/","title":{"rendered":"Premium"},"content":{"rendered":"<p>Vienos juostos, trij\u0173 skuoksni\u0173, angli\u0161kos eglut\u0117s ra\u0161to parketlent\u0117s. Vir\u0161utinis \u0105\u017euolo sluoksnis, padengta alyva.<\/p>\n","protected":false},"excerpt":{"rendered":"<p>Aliquam id placerat tellus. Aliquam ut magna at odio euismod accumsan. Nulla vitae pulvinar leo. Maecenas vestibulum maximus nunc et congue. In sed urna aliquet, rutrum velit ut, vestibulum massa. Curabitur finibus faucibus turpis, eget pretium ex ornare nec.<\/p>\n","protected":false},"featured_media":4708,"comment_status":"open","ping_status":"closed","template":"","meta":{"_acf_changed":false},"product_brand":[],"product_cat":[126,125],"product_tag":[],"class_list":{"0":"post-4873","1":"product","2":"type-product","3":"status-publish","4":"has-post-thumbnail","6":"product_cat-angliska-eglute","7":"product_cat-tradicines-parketlentes","9":"first","10":"instock","11":"featured","12":"shipping-taxable","13":"product-type-simple"},"acf":[],"_links":{"self":[{"href":"https:\/\/notuswood.com\/lt\/wp-json\/wp\/v2\/product\/4873","targetHints":{"allow":["GET"]}}],"collection":[{"href":"https:\/\/notuswood.com\/lt\/wp-json\/wp\/v2\/product"}],"about":[{"href":"https:\/\/notuswood.com\/lt\/wp-json\/wp\/v2\/types\/product"}],"replies":[{"embeddable":true,"href":"https:\/\/notuswood.com\/lt\/wp-json\/wp\/v2\/comments?post=4873"}],"wp:featuredmedia":[{"embeddable":true,"href":"https:\/\/notuswood.com\/lt\/wp-json\/wp\/v2\/media\/4708"}],"wp:attachment":[{"href":"https:\/\/notuswood.com\/lt\/wp-json\/wp\/v2\/media?parent=4873"}],"wp:term":[{"taxonomy":"product_brand","embeddable":true,"href":"https:\/\/notuswood.com\/lt\/wp-json\/wp\/v2\/product_brand?post=4873"},{"taxonomy":"product_cat","embeddable":true,"href":"https:\/\/notuswood.com\/lt\/wp-json\/wp\/v2\/product_cat?post=4873"},{"taxonomy":"product_tag","embeddable":true,"href":"https:\/\/notuswood.com\/lt\/wp-json\/wp\/v2\/product_tag?post=4873"}],"curies":[{"name":"wp","href":"https:\/\/api.w.org\/{rel}","templated":true}]}}