{"id":4793,"date":"2021-05-24T20:13:21","date_gmt":"2021-05-24T20:13:21","guid":{"rendered":"https:\/\/notuswood.com\/privacy-policy\/"},"modified":"2021-09-02T10:36:33","modified_gmt":"2021-09-02T10:36:33","slug":"privatumo-politika","status":"publish","type":"page","link":"https:\/\/notuswood.com\/lt\/privatumo-politika\/","title":{"rendered":"Privatumo politika"},"content":{"rendered":"<section class=\"l-section wpb_row height_custom\"><div class=\"l-section-h i-cf\"><div class=\"g-cols vc_row via_flex valign_top type_default stacking_default\"><div class=\"vc_col-sm-12 wpb_column vc_column_container\"><div class=\"vc_column-inner\"><div class=\"wpb_wrapper\"><div class=\"wpb_text_column\"><div class=\"wpb_wrapper\"><p>Mes gerbiame kiekvieno lankytojo teis\u0119 \u012f privatum\u0105.<\/p>\n<p><strong>\u00a0<\/strong><\/p>\n<p><strong>Koki\u0105 informacij\u0105 mes renkame?<\/strong><\/p>\n<p>Mes galime rinkti, saugoti ir naudoti \u017eemiau nurodyt\u0173 r\u016b\u0161i\u0173 informacij\u0105:<\/p>\n<ul>\n<li>informacij\u0105 apie J\u016bs\u0173 kompiuter\u012f ir apie J\u016bs\u0173 apsilankymus \u0161ioje interneto svetain\u0117je bei naudojim\u0105si \u0161ia interneto svetaine (\u012fskaitant J\u016bs\u0173 IP adres\u0105, geografin\u0119 viet\u0105, nar\u0161ykl\u0117s tip\u0105, \u012frengin\u012f i\u0161 kur buvote nukreiptas, lankymosi trukm\u0119 ir puslapi\u0173 \u017ei\u016br\u0117jim\u0173 skai\u010di\u0173);<\/li>\n<li>informacij\u0105, kuri\u0105 J\u016bs suteikiate mums tikslu prenumeruoti m\u016bs\u0173 prane\u0161imus el.pa\u0161tu ir\/arba naujienlai\u0161kius;<\/li>\n<li>bet koki\u0105 kit\u0105 informacij\u0105, kuri\u0105 J\u016bs savo pasirinkimu siun\u010diate mums.<\/li>\n<li>Kontaktinius duomenis tikslu susisiekti d\u0117l J\u016bs\u0173 pateikt\u0173 u\u017eklaus\u0173: vard\u0105, pavard\u0119, kontaktin\u012f telefono numer\u012f, bei el. pa\u0161to adres\u0105.<\/li>\n<\/ul>\n<p>&nbsp;<\/p>\n<p><strong>Slapukai<\/strong><\/p>\n<p>Mes naudojame Google Analytics \u0161ios interneto svetain\u0117s analizei. Google Analytics generuoja statistin\u0119 ir kit\u0105 informacij\u0105 apie naudojim\u0105si svetaine panaudodama slapukus, kurie laikomi vartotoj\u0173 kompiuteriuose. Google privatumo politika prieinama \u010dia: http:\/\/www.google.com\/privacypolicy.html . Dauguma nar\u0161ykli\u0173 leid\u017eia Jums nepriimti joki\u0173 slapuk\u0173, ta\u010diau vis\u0173 slapuk\u0173 blokavimas tur\u0117s neigiam\u0105 \u012ftak\u0105 galimybei naudotis daugeliu interneto svetaini\u0173, \u012fskaitant ir <a href=\"http:\/\/www.notuswood.com\">www.notuswood.com<\/a>.<\/p>\n<p>&nbsp;<\/p>\n<p><strong>J\u016bs\u0173 asmenini\u0173 duomen\u0173 naudojimas<\/strong><\/p>\n<p>Asmeniniai duomenys, pateikti \u0161ioje interneto svetain\u0117je, bus naudojami tikslams, nurodytiems \u0161ioje privatumo politikoje arba aktualiose \u0161ios interneto svetain\u0117s dalyse.<\/p>\n<p>&nbsp;<\/p>\n<p>Mes galime naudoti j\u016bs\u0173 asmenin\u0119 informacij\u0105 \u0161iems tikslams:<\/p>\n<ul>\n<li>Interneto svetainei administruoti;<\/li>\n<li>J\u016bs\u0173 nar\u0161ymo patir\u010diai gerinti, pritaikydami \u0161i\u0105 interneto svetain\u0119 asmeniniams poreikiams;<\/li>\n<li>Susisiekti su Jumis d\u0117l aktuali\u0173 pasi\u016blym\u0173 pateikimo;<\/li>\n<li>Turint J\u016bs\u0173 sutikim\u0105 si\u0173sti naujienlai\u0161kius J\u016bs\u0173 nurodytu el. pa\u0161tu apie aktualias rinkodaros naujienas.<\/li>\n<\/ul>\n<p>&nbsp;<\/p>\n<p>J\u016bs\u0173 asmens duomenys nebus perduodami jokioms tre\u010diosioms \u0161alims nesusijusioms su m\u016bs\u0173 teikiam\u0173 paslaug\u0173 kokyb\u0117s ir veiklos u\u017etikrinimu. Informacij\u0105 apie Jus galime atskleisti:<\/p>\n<ul>\n<li>m\u016bs\u0173 darbuotojams, tarpininkams, tiek\u0117jams ar subrangovams, jei pagr\u012fstai reikia tiems tikslams, kaip nurodyta \u0161ioje Privatumo politikoje.<\/li>\n<li>Tai turime padaryti pagal \u012fstatym\u0105;<\/li>\n<li>Siekiant apginti savo teises ar interesus (\u012fskaitant J\u016bs\u0173 duomen\u0173 pateikim\u0105 tretiesiems asmenims, siekiant i\u0161ie\u0161koti J\u016bs\u0173 \u012fsiskolinimus UAB Grind\u0173 centras).<\/li>\n<\/ul>\n<p>&nbsp;<\/p>\n<p>J\u016bs\u0173 asmens duomenys bus tvarkomi laikantis Lietuvos Respublikos asmens duomen\u0173 teisin\u0117s apsaugos \u012fstatymo ir kit\u0173 teis\u0117s akt\u0173 nustatyt\u0173 reikalavim\u0173.<\/p>\n<p>&nbsp;<\/p>\n<p><strong>Politikos pakeitimai<\/strong><\/p>\n<p>Mes be atskiro \u012fsp\u0117jimo galime atnaujinti \u0161i\u0105 privatumo politik\u0105 paskelbdami nauj\u0105 versij\u0105 savo interneto svetain\u0117je. Duomen\u0173 politikos atnaujinimo data matysite \u0161io apra\u0161o apa\u010dioje.<\/p>\n<p>&nbsp;<\/p>\n<p><strong>Tre\u010di\u0173j\u0173 \u0161ali\u0173 interneto svetain\u0117s<\/strong><\/p>\n<p>\u0160ioje interneto svetain\u0117je yra nuorod\u0173 \u012f kitas interneto svetaines. Mes nesame atsakingi u\u017e tre\u010di\u0173j\u0173 \u0161ali\u0173 interneto svetaini\u0173 privatumo politikas ar praktikas.<\/p>\n<p><strong>\u00a0<\/strong><\/p>\n<p><strong>Teis\u0117 susipa\u017einti su duomenimis ir j\u0173 koregavimas<\/strong><\/p>\n<p>J\u016bs turite teis\u0119 susipa\u017einti su naudojamais savo asmens duomenimis ir toliau nurodyta informacija:<\/p>\n<ul>\n<li>duomen\u0173 tvarkymo tikslai;<\/li>\n<li>duomen\u0173 gav\u0117jai arba duomen\u0173 gav\u0117j\u0173 kategorijos, kuriems buvo arba bus atskleisti J\u016bs\u0173 asmens duomenys;<\/li>\n<li>jei duomenys bus renkami ne tiesiogiai i\u0161 J\u016bs\u0173, visa turima informacija apie j\u0173 \u0161altinius.<\/li>\n<\/ul>\n<p>&nbsp;<\/p>\n<p>\u012e tokius pra\u0161ymus mes atsakome teis\u0117s akt\u0173 nustatyta tvarka ir terminais, ne v\u0117liau kaip per 30 dien\u0173 nuo J\u016bs\u0173 pra\u0161ymo gavimo. J\u016bs\u0173 pra\u0161ymu, tokie duomenys pateikiami ra\u0161tu nurodytu adresu ar elektroninio pa\u0161to adresu per paskutinius vienerius metus. Pateikimas yra nemokamas vien\u0105 kart\u0105 per kalendorinius metus.<\/p>\n<p>Jeigu, gavus pra\u0161ym\u0105, mums kilo \u012ftarim\u0173 d\u0117l besikreipian\u010diojo asmens tapatyb\u0117s, mes turime teis\u0119 papra\u0161yti besikreipian\u010diojo asmens tapatyb\u0117s dokumento ar jo kopijos.<\/p>\n<p>&nbsp;<\/p>\n<p><strong>Nusiskundimai<\/strong><\/p>\n<p>Jei manote, kad J\u016bs\u0173, kaip asmens duomen\u0173 subjekto, teis\u0117s yra ir (ar) gali b\u016bti pa\u017eeistos, pra\u0161ome kreiptis \u012f mus el. pa\u0161to adresu <a href=\"mailto:info@notuswood.com\">info@notuswood.com<\/a> . Gavus susisieksime su Jumis per pagr\u012fst\u0105 laikotarp\u012f ir informuosime apie skundo tyrimo eig\u0105 ir rezultatus.<\/p>\n<p>&nbsp;<\/p>\n<p><strong>Asmens duomen\u0173 saugojimo terminas<\/strong><\/p>\n<p>J\u016bs\u0173 asmens duomenys bus tvarkomi ne ilgiau kaip 3 (tris) metus nuo paskutinio J\u016bs\u0173 prisijungimo prie Internetin\u0117s svetain\u0117s ar pateiktos u\u017eklausos.<\/p>\n<p>&nbsp;<\/p>\n<p><strong>Kontaktin\u0117 informacija<\/strong><\/p>\n<p>Jei turite bet koki\u0173 klausim\u0173, susijusi\u0173 su \u0161ios Privatumo politikos s\u0105lygomis, maloniai pra\u0161ome su mumis susisiekti, \u017eemiau nurodytais rekvizitais:<\/p>\n<p>UAB \u201eGrind\u0173 centras\u201d<br \/>\nTel. +370 690 00678<br \/>\n\u012fmon\u0117s kodas: 305350178<br \/>\nAdresas: K.Bar\u0161ausko g. 67, LT-51433 Kaunas, Lietuva<\/p>\n<p>Paskutinis Privatumo politikos atnaujinimas buvo atliktas 2021.06.01<\/p>\n<p>&nbsp;<\/p>\n<p>&nbsp;<\/p>\n<\/div><\/div><\/div><\/div><\/div><\/div><\/div><\/section><!-- \/wp:post-content -->","protected":false},"excerpt":{"rendered":"Mes gerbiame kiekvieno lankytojo teis\u0119 \u012f privatum\u0105. \u00a0 Koki\u0105 informacij\u0105 mes renkame? Mes galime rinkti, saugoti ir naudoti \u017eemiau nurodyt\u0173 r\u016b\u0161i\u0173 informacij\u0105: informacij\u0105 apie J\u016bs\u0173 kompiuter\u012f ir apie J\u016bs\u0173 apsilankymus \u0161ioje interneto svetain\u0117je bei naudojim\u0105si \u0161ia interneto svetaine (\u012fskaitant J\u016bs\u0173 IP adres\u0105, geografin\u0119 viet\u0105, nar\u0161ykl\u0117s tip\u0105, \u012frengin\u012f i\u0161 kur buvote nukreiptas, lankymosi trukm\u0119 ir puslapi\u0173...","protected":false},"author":1,"featured_media":0,"parent":0,"menu_order":0,"comment_status":"closed","ping_status":"open","template":"","meta":{"_acf_changed":false,"footnotes":""},"class_list":["post-4793","page","type-page","status-publish","hentry"],"acf":[],"_links":{"self":[{"href":"https:\/\/notuswood.com\/lt\/wp-json\/wp\/v2\/pages\/4793","targetHints":{"allow":["GET"]}}],"collection":[{"href":"https:\/\/notuswood.com\/lt\/wp-json\/wp\/v2\/pages"}],"about":[{"href":"https:\/\/notuswood.com\/lt\/wp-json\/wp\/v2\/types\/page"}],"author":[{"embeddable":true,"href":"https:\/\/notuswood.com\/lt\/wp-json\/wp\/v2\/users\/1"}],"replies":[{"embeddable":true,"href":"https:\/\/notuswood.com\/lt\/wp-json\/wp\/v2\/comments?post=4793"}],"version-history":[{"count":7,"href":"https:\/\/notuswood.com\/lt\/wp-json\/wp\/v2\/pages\/4793\/revisions"}],"predecessor-version":[{"id":5018,"href":"https:\/\/notuswood.com\/lt\/wp-json\/wp\/v2\/pages\/4793\/revisions\/5018"}],"wp:attachment":[{"href":"https:\/\/notuswood.com\/lt\/wp-json\/wp\/v2\/media?parent=4793"}],"curies":[{"name":"wp","href":"https:\/\/api.w.org\/{rel}","templated":true}]}}