{"id":4787,"date":"2021-07-23T08:11:51","date_gmt":"2021-07-23T08:11:51","guid":{"rendered":"https:\/\/notuswood.com\/about-us\/"},"modified":"2021-09-02T08:01:16","modified_gmt":"2021-09-02T08:01:16","slug":"apie-mus","status":"publish","type":"page","link":"https:\/\/notuswood.com\/lt\/apie-mus\/","title":{"rendered":"Apie mus"},"content":{"rendered":"<section class=\"l-section wpb_row height_custom\"><div class=\"l-section-h i-cf\"><div class=\"g-cols vc_row via_flex valign_top type_default stacking_default\"><div class=\"vc_col-sm-12 wpb_column vc_column_container\"><div class=\"vc_column-inner\"><div class=\"wpb_wrapper\"><div class=\"g-cols wpb_row via_flex valign_top type_default stacking_default\"><div class=\"vc_col-sm-12 wpb_column vc_column_container\"><div class=\"vc_column-inner\"><div class=\"wpb_wrapper\"><div class=\"w-separator size_small\"><\/div><div class=\"wpb_text_column\"><div class=\"wpb_wrapper\"><h2>Mes esame ambicinga gamybin\u0117 \u012fmon\u0117<\/h2>\n<\/div><\/div><div class=\"w-separator size_medium\"><\/div><\/div><\/div><\/div><\/div><div class=\"g-cols wpb_row via_flex valign_top type_default stacking_default\"><div class=\"vc_col-sm-6 wpb_column vc_column_container\"><div class=\"vc_column-inner\"><div class=\"wpb_wrapper\"><div class=\"wpb_text_column\"><div class=\"wpb_wrapper\"><p><strong>Notus Wood <\/strong>yra nat\u016bralaus, i\u0161skirtini\u0173 savybi\u0173 parketo grind\u0173 gamintoja nuo 1999 met\u0173. Mes gaminame vienos juostos \u0105\u017euolines trisluoksnes parketlentes. Kokyb\u0117 u\u017etikrinama nuo kruop\u0161taus medienos atrinkimo ir pristatymo \u012f gamykl\u0105 iki ypatingai tiksli\u0173 parketlen\u010di\u0173 paruo\u0161imo cikl\u0173 \u2013 kra\u0161tini\u0173 formavimo, medienos \u0161ukavimo, padengimu norimu atspalviu ir alyva. Mes naudojame Kiilto (Suomija) klijus ir Osmo (Vokietija) alyv\u0105.<\/p>\n<\/div><\/div><\/div><\/div><\/div><div class=\"vc_col-sm-6 wpb_column vc_column_container\"><div class=\"vc_column-inner\"><div class=\"wpb_wrapper\"><div class=\"wpb_text_column\"><div class=\"wpb_wrapper\"><p>Investuojame \u012f techni\u0161kai pa\u017eangius \u012frengimus ir modernias technologijas. <strong>Notus Wood<\/strong> produkcija pagaminta kvalifikuot\u0173 specialist\u0173, grie\u017etai pri\u017ei\u016brint visus gamybos procesus, o tai garantuoja auk\u0161\u010diausi\u0173 kokyb\u0117s standart\u0173 laikym\u0105si. Mes galime patenkinti reikliausi\u0173 klient\u0173 poreikius, garantuodami auk\u0161\u010diausi\u0105 gaminio kokyb\u0119 ir ilgaam\u017ei\u0161kum\u0105.<\/p>\n<\/div><\/div><\/div><\/div><\/div><\/div><\/div><\/div><\/div><\/div><\/div><\/section>\n","protected":false},"excerpt":{"rendered":"Mes esame ambicinga gamybin\u0117 \u012fmon\u0117 Notus Wood yra nat\u016bralaus, i\u0161skirtini\u0173 savybi\u0173 parketo grind\u0173 gamintoja nuo 1999 met\u0173. Mes gaminame vienos juostos \u0105\u017euolines trisluoksnes parketlentes. Kokyb\u0117 u\u017etikrinama nuo kruop\u0161taus medienos atrinkimo ir pristatymo \u012f gamykl\u0105 iki ypatingai tiksli\u0173 parketlen\u010di\u0173 paruo\u0161imo cikl\u0173 \u2013 kra\u0161tini\u0173 formavimo, medienos \u0161ukavimo, padengimu norimu atspalviu ir alyva. Mes naudojame Kiilto (Suomija) klijus...","protected":false},"author":1,"featured_media":0,"parent":0,"menu_order":0,"comment_status":"closed","ping_status":"closed","template":"","meta":{"_acf_changed":false,"footnotes":""},"class_list":["post-4787","page","type-page","status-publish","hentry"],"acf":[],"_links":{"self":[{"href":"https:\/\/notuswood.com\/lt\/wp-json\/wp\/v2\/pages\/4787","targetHints":{"allow":["GET"]}}],"collection":[{"href":"https:\/\/notuswood.com\/lt\/wp-json\/wp\/v2\/pages"}],"about":[{"href":"https:\/\/notuswood.com\/lt\/wp-json\/wp\/v2\/types\/page"}],"author":[{"embeddable":true,"href":"https:\/\/notuswood.com\/lt\/wp-json\/wp\/v2\/users\/1"}],"replies":[{"embeddable":true,"href":"https:\/\/notuswood.com\/lt\/wp-json\/wp\/v2\/comments?post=4787"}],"version-history":[{"count":6,"href":"https:\/\/notuswood.com\/lt\/wp-json\/wp\/v2\/pages\/4787\/revisions"}],"predecessor-version":[{"id":5042,"href":"https:\/\/notuswood.com\/lt\/wp-json\/wp\/v2\/pages\/4787\/revisions\/5042"}],"wp:attachment":[{"href":"https:\/\/notuswood.com\/lt\/wp-json\/wp\/v2\/media?parent=4787"}],"curies":[{"name":"wp","href":"https:\/\/api.w.org\/{rel}","templated":true}]}}