{"id":4775,"date":"2016-09-30T07:52:15","date_gmt":"2016-09-30T07:52:15","guid":{"rendered":"https:\/\/notuswood.com\/contact\/"},"modified":"2025-08-20T12:40:09","modified_gmt":"2025-08-20T12:40:09","slug":"contact","status":"publish","type":"page","link":"https:\/\/notuswood.com\/lt\/contact\/","title":{"rendered":"Kontaktai"},"content":{"rendered":"<section class=\"l-section wpb_row height_custom\"><div class=\"l-section-h i-cf\"><div class=\"g-cols vc_row via_flex valign_top type_default stacking_default\"><div class=\"vc_col-sm-6 wpb_column vc_column_container\"><div class=\"vc_column-inner\"><div class=\"wpb_wrapper\"><div class=\"wpb_text_column\"><div class=\"wpb_wrapper\"><h3>Telefonas<\/h3>\n<p><a href=\"tel:+370 606 39033\"><strong>+370 690 00678<\/strong><\/a><\/p>\n<h3>Biuras<\/h3>\n<p><strong>Adresas:<\/strong> Savanori\u0173 pr. 172, LT-44149 Kaunas, Lietuva<\/p>\n<\/div><\/div><\/div><\/div><\/div><div class=\"vc_col-sm-6 wpb_column vc_column_container\"><div class=\"vc_column-inner\"><div class=\"wpb_wrapper\"><div class=\"wpb_text_column\"><div class=\"wpb_wrapper\"><h3>Visi klausimai<\/h3>\n<p>D\u0117l bendr\u0173 klausim\u0173 pra\u0161ome susisiekti<br \/>\n<a href=\"mailto:info@notuswood.com\">info@notuswood.com<\/a><\/p>\n<h3>Pardavim\u0173 skyrius<\/h3>\n<p><a href=\"mailto:export@notuswood.com\">export@notuswood.com<\/a><\/p>\n<\/div><\/div><\/div><\/div><\/div><\/div><\/div><\/section><section class=\"l-section wpb_row height_custom\"><div class=\"l-section-h i-cf\"><div class=\"g-cols vc_row via_flex valign_top type_default stacking_default\"><div class=\"vc_col-sm-6 wpb_column vc_column_container\"><div class=\"vc_column-inner\"><div class=\"wpb_wrapper\"><div class=\"wpb_text_column\"><div class=\"wpb_wrapper\"><h3>Susisiekime<\/h3>\n<\/div><\/div><div class=\"w-separator size_small\"><\/div>\n<div class=\"wpcf7 no-js\" id=\"wpcf7-f4930-o1\" lang=\"en-US\" dir=\"ltr\" data-wpcf7-id=\"4930\">\n<div class=\"screen-reader-response\"><p role=\"status\" aria-live=\"polite\" aria-atomic=\"true\"><\/p> <ul><\/ul><\/div>\n<form action=\"\/lt\/wp-json\/wp\/v2\/pages\/4775#wpcf7-f4930-o1\" method=\"post\" class=\"wpcf7-form init\" aria-label=\"Contact form\" novalidate=\"novalidate\" data-status=\"init\">\n<fieldset class=\"hidden-fields-container\"><input type=\"hidden\" name=\"_wpcf7\" value=\"4930\" \/><input type=\"hidden\" name=\"_wpcf7_version\" value=\"6.1.5\" \/><input type=\"hidden\" name=\"_wpcf7_locale\" value=\"en_US\" \/><input type=\"hidden\" name=\"_wpcf7_unit_tag\" value=\"wpcf7-f4930-o1\" \/><input type=\"hidden\" name=\"_wpcf7_container_post\" value=\"0\" \/><input type=\"hidden\" name=\"_wpcf7_posted_data_hash\" value=\"\" \/><input type=\"hidden\" name=\"_wpcf7_recaptcha_response\" value=\"\" \/>\n<\/fieldset>\n<p><label> J\u016bs\u0173 vardas<br \/>\n<span class=\"wpcf7-form-control-wrap\" data-name=\"your-name\"><input size=\"40\" maxlength=\"400\" class=\"wpcf7-form-control wpcf7-text wpcf7-validates-as-required\" aria-required=\"true\" aria-invalid=\"false\" value=\"\" type=\"text\" name=\"your-name\" \/><\/span> <\/label>\n<\/p>\n<p><label> J\u016bs\u0173 elektroninis pa\u0161tas<br \/>\n<span class=\"wpcf7-form-control-wrap\" data-name=\"your-email\"><input size=\"40\" maxlength=\"400\" class=\"wpcf7-form-control wpcf7-email wpcf7-validates-as-required wpcf7-text wpcf7-validates-as-email\" aria-required=\"true\" aria-invalid=\"false\" value=\"\" type=\"email\" name=\"your-email\" \/><\/span> <\/label>\n<\/p>\n<p><label> J\u016bs\u0173 \u017einut\u0117 (neprivaloma)<br \/>\n<span class=\"wpcf7-form-control-wrap\" data-name=\"your-message\"><textarea cols=\"40\" rows=\"10\" maxlength=\"2000\" class=\"wpcf7-form-control wpcf7-textarea\" aria-invalid=\"false\" name=\"your-message\"><\/textarea><\/span> <\/label>\n<\/p>\n<p><input class=\"wpcf7-form-control wpcf7-submit has-spinner\" type=\"submit\" value=\"Pateikti\" \/>\n<\/p><div class=\"wpcf7-response-output\" aria-hidden=\"true\"><\/div>\n<\/form>\n<\/div>\n<\/div><\/div><\/div><div class=\"vc_col-sm-6 wpb_column vc_column_container\"><div class=\"vc_column-inner\"><div class=\"wpb_wrapper\"><div class=\"w-map provider_osm\" id=\"us_map_1\"><div class=\"w-map-inner\"><div class=\"w-map-json\" onclick='return {&quot;address&quot;:&quot;Savanori\\u0173 pr. 172, LT-44149 Kaunas, Lietuva&quot;,&quot;disableDragging&quot;:0,&quot;disableZoom&quot;:0,&quot;hideControls&quot;:0,&quot;zoom&quot;:14,&quot;markers&quot;:[{&quot;address&quot;:&quot;Savanori\\u0173 pr. 172, LT-44149 Kaunas, Lietuva&quot;,&quot;html&quot;:&quot;&quot;,&quot;infowindow&quot;:0}],&quot;style&quot;:&quot;https:\\\/\\\/{s}.tile.openstreetmap.org\\\/{z}\\\/{x}\\\/{y}.png&quot;}'><\/div><\/div><\/div><\/div><\/div><\/div><\/div><\/div><\/section><section class=\"l-section wpb_row height_custom\"><div class=\"l-section-h i-cf\"><div class=\"g-cols vc_row via_flex valign_top type_default stacking_default\"><div class=\"vc_col-sm-6 wpb_column vc_column_container\"><div class=\"vc_column-inner\"><div class=\"wpb_wrapper\"><div class=\"wpb_text_column\"><div class=\"wpb_wrapper\"><h3>Rekvizitai<\/h3>\n<p>\u012emon\u0117s kodas: 304033577<br \/>\nPVM kodas: LT100014302812<br \/>\nAdresas: Savanori\u0173 pr. 172, LT-44149 Kaunas, Lithuania<br \/>\n<a href=\"mailto:info@notuswood.com\">info@notuswood.com<\/a><\/p>\n<\/div><\/div><\/div><\/div><\/div><div class=\"vc_col-sm-6 wpb_column vc_column_container\"><div class=\"vc_column-inner\"><div class=\"wpb_wrapper\"><\/div><\/div><\/div><\/div><\/div><\/section>\n","protected":false},"excerpt":{"rendered":"Telefonas +370 690 00678 Biuras Adresas: Savanori\u0173 pr. 172, LT-44149 Kaunas, Lietuva Visi klausimai D\u0117l bendr\u0173 klausim\u0173 pra\u0161ome susisiekti info@notuswood.com Pardavim\u0173 skyrius export@notuswood.com Susisiekime J\u016bs\u0173 vardas J\u016bs\u0173 elektroninis pa\u0161tas J\u016bs\u0173 \u017einut\u0117 (neprivaloma) Rekvizitai \u012emon\u0117s kodas: 304033577 PVM kodas: LT100014302812 Adresas: Savanori\u0173 pr. 172, LT-44149 Kaunas, Lithuania info@notuswood.com","protected":false},"author":1,"featured_media":0,"parent":0,"menu_order":0,"comment_status":"closed","ping_status":"closed","template":"","meta":{"_acf_changed":false,"footnotes":""},"class_list":["post-4775","page","type-page","status-publish","hentry"],"acf":[],"_links":{"self":[{"href":"https:\/\/notuswood.com\/lt\/wp-json\/wp\/v2\/pages\/4775","targetHints":{"allow":["GET"]}}],"collection":[{"href":"https:\/\/notuswood.com\/lt\/wp-json\/wp\/v2\/pages"}],"about":[{"href":"https:\/\/notuswood.com\/lt\/wp-json\/wp\/v2\/types\/page"}],"author":[{"embeddable":true,"href":"https:\/\/notuswood.com\/lt\/wp-json\/wp\/v2\/users\/1"}],"replies":[{"embeddable":true,"href":"https:\/\/notuswood.com\/lt\/wp-json\/wp\/v2\/comments?post=4775"}],"version-history":[{"count":10,"href":"https:\/\/notuswood.com\/lt\/wp-json\/wp\/v2\/pages\/4775\/revisions"}],"predecessor-version":[{"id":6491,"href":"https:\/\/notuswood.com\/lt\/wp-json\/wp\/v2\/pages\/4775\/revisions\/6491"}],"wp:attachment":[{"href":"https:\/\/notuswood.com\/lt\/wp-json\/wp\/v2\/media?parent=4775"}],"curies":[{"name":"wp","href":"https:\/\/api.w.org\/{rel}","templated":true}]}}