{"id":5022,"date":"2021-07-23T08:11:51","date_gmt":"2021-07-23T08:11:51","guid":{"rendered":"https:\/\/notuswood.com\/about-us\/"},"modified":"2021-09-06T06:05:10","modified_gmt":"2021-09-06T06:05:10","slug":"uber-uns","status":"publish","type":"page","link":"https:\/\/notuswood.com\/de\/uber-uns\/","title":{"rendered":"\u00dcber uns"},"content":{"rendered":"<section class=\"l-section wpb_row height_custom\"><div class=\"l-section-h i-cf\"><div class=\"g-cols vc_row via_flex valign_top type_default stacking_default\"><div class=\"vc_col-sm-12 wpb_column vc_column_container\"><div class=\"vc_column-inner\"><div class=\"wpb_wrapper\"><div class=\"g-cols wpb_row via_flex valign_top type_default stacking_default\"><div class=\"vc_col-sm-12 wpb_column vc_column_container\"><div class=\"vc_column-inner\"><div class=\"wpb_wrapper\"><div class=\"w-separator size_small\"><\/div><div class=\"wpb_text_column\"><div class=\"wpb_wrapper\"><h2><strong>Wir sind ein ehrgeiziges\u00a0 Produktionsunternehmen<\/strong><\/h2>\n<\/div><\/div><div class=\"w-separator size_medium\"><\/div><\/div><\/div><\/div><\/div><div class=\"g-cols wpb_row via_flex valign_top type_default stacking_default\"><div class=\"vc_col-sm-6 wpb_column vc_column_container\"><div class=\"vc_column-inner\"><div class=\"wpb_wrapper\"><div class=\"wpb_text_column\"><div class=\"wpb_wrapper\"><p><strong>Notus Wood<\/strong> ist seit 1999 Hersteller von nat\u00fcrlichen, exklusiven Parkettb\u00f6den. Wir produzieren 1-Stab Eichen-Dreischichtparkettdielen. Die Qualit\u00e4t wird von der sorgf\u00e4ltigen Auswahl und Lieferung des Holzes an das Werk bis hin zu den besonders pr\u00e4zisen Zyklen der Vorbereitung von Parkettdielen &#8211; Kantenbearbeitung, Holzk\u00e4mmung, Beschichtung mit dem gew\u00fcnschten Farbton und \u00d6l &#8211; sichergestellt. Wir verwenden Kiilto-Klebstoff (Finnland) und Osmo-\u00d6l (Deutschland).<\/p>\n<\/div><\/div><\/div><\/div><\/div><div class=\"vc_col-sm-6 wpb_column vc_column_container\"><div class=\"vc_column-inner\"><div class=\"wpb_wrapper\"><div class=\"wpb_text_column\"><div class=\"wpb_wrapper\"><p>Wir investieren in technisch fortschrittliche Ausr\u00fcstung und moderne Technologien. Produkte von <strong>Notus Wood<\/strong> werden von qualifizierten Fachleuten unter strenger \u00dcberwachung aller Produktionsprozesse hergestellt, was die Einhaltung h\u00f6chster Qualit\u00e4tsstandards garantiert. Wir k\u00f6nnen die Bed\u00fcrfnisse der anspruchsvollsten Kunden erf\u00fcllen und garantieren h\u00f6chste Produktqualit\u00e4t und Langlebigkeit.<\/p>\n<\/div><\/div><\/div><\/div><\/div><\/div><\/div><\/div><\/div><\/div><\/div><\/section>\n","protected":false},"excerpt":{"rendered":"Wir sind ein ehrgeiziges\u00a0 Produktionsunternehmen Notus Wood ist seit 1999 Hersteller von nat\u00fcrlichen, exklusiven Parkettb\u00f6den. Wir produzieren 1-Stab Eichen-Dreischichtparkettdielen. Die Qualit\u00e4t wird von der sorgf\u00e4ltigen Auswahl und Lieferung des Holzes an das Werk bis hin zu den besonders pr\u00e4zisen Zyklen der Vorbereitung von Parkettdielen &#8211; Kantenbearbeitung, Holzk\u00e4mmung, Beschichtung mit dem gew\u00fcnschten Farbton und \u00d6l &#8211;...","protected":false},"author":1,"featured_media":0,"parent":0,"menu_order":0,"comment_status":"closed","ping_status":"closed","template":"","meta":{"_acf_changed":false,"footnotes":""},"class_list":["post-5022","page","type-page","status-publish","hentry"],"acf":[],"_links":{"self":[{"href":"https:\/\/notuswood.com\/de\/wp-json\/wp\/v2\/pages\/5022","targetHints":{"allow":["GET"]}}],"collection":[{"href":"https:\/\/notuswood.com\/de\/wp-json\/wp\/v2\/pages"}],"about":[{"href":"https:\/\/notuswood.com\/de\/wp-json\/wp\/v2\/types\/page"}],"author":[{"embeddable":true,"href":"https:\/\/notuswood.com\/de\/wp-json\/wp\/v2\/users\/1"}],"replies":[{"embeddable":true,"href":"https:\/\/notuswood.com\/de\/wp-json\/wp\/v2\/comments?post=5022"}],"version-history":[{"count":4,"href":"https:\/\/notuswood.com\/de\/wp-json\/wp\/v2\/pages\/5022\/revisions"}],"predecessor-version":[{"id":5072,"href":"https:\/\/notuswood.com\/de\/wp-json\/wp\/v2\/pages\/5022\/revisions\/5072"}],"wp:attachment":[{"href":"https:\/\/notuswood.com\/de\/wp-json\/wp\/v2\/media?parent=5022"}],"curies":[{"name":"wp","href":"https:\/\/api.w.org\/{rel}","templated":true}]}}